{"id":17,"date":"2022-03-03T18:22:27","date_gmt":"2022-03-03T23:22:27","guid":{"rendered":"http:\/\/localhost\/wordpress\/?page_id=17"},"modified":"2022-09-20T15:19:09","modified_gmt":"2022-09-20T20:19:09","slug":"inicio","status":"publish","type":"page","link":"https:\/\/hollywoodpelucas.com\/","title":{"rendered":"Inicio"},"content":{"rendered":"\n<div class=\"wp-block-cover alignfull is-light\" style=\"min-height:474px;aspect-ratio:unset;\"><span aria-hidden=\"true\" class=\"has-white-background-color has-background-dim-100 wp-block-cover__gradient-background has-background-dim\"><\/span><div class=\"wp-block-cover__inner-container is-layout-flow wp-block-cover-is-layout-flow\">\n<h2 class=\"has-text-align-center has-text-color wp-block-heading\" style=\"color:#3c4858\">Nuestros Servicios<\/h2>\n\n\n\n<div style=\"height:50px\" aria-hidden=\"true\" class=\"wp-block-spacer\"><\/div>\n\n\n\n<div class=\"wp-block-columns is-layout-flex wp-container-core-columns-is-layout-28f84493 wp-block-columns-is-layout-flex\">\n<div class=\"wp-block-column is-layout-flow wp-block-column-is-layout-flow\">\n<div class=\"wp-block-image is-style-rounded\"><figure class=\"aligncenter size-full\"><img loading=\"lazy\" decoding=\"async\" width=\"200\" height=\"158\" src=\"http:\/\/hollywoodpelucas.com\/wp-content\/uploads\/2022\/03\/ServicioTejida-1.jpg\" alt=\"\" class=\"wp-image-404\"\/><\/figure><\/div>\n\n\n\n<h5 class=\"has-text-align-center has-text-color wp-block-heading\" style=\"color:#3c4858;font-size:18px\">Tejida de Cabello<\/h5>\n\n\n\n<p class=\"has-text-align-center has-text-color\" style=\"color:#999999;font-size:14px\">Se teje pelo, sin nudos, sin tela ni pegamentos manteniendo una textura fina y una costura resistente permitiendo que el cabello perdure por m\u00e1s tiempo..<\/p>\n<\/div>\n\n\n\n<div class=\"wp-block-column is-layout-flow wp-block-column-is-layout-flow\">\n<div class=\"wp-block-image is-style-rounded\"><figure class=\"aligncenter size-full\"><img loading=\"lazy\" decoding=\"async\" width=\"180\" height=\"143\" src=\"http:\/\/hollywoodpelucas.com\/wp-content\/uploads\/2022\/03\/serviciofabricacionpelucas2-e1663694259349.jpg\" alt=\"\" class=\"wp-image-409\"\/><\/figure><\/div>\n\n\n\n<h5 class=\"has-text-align-center has-text-color wp-block-heading\" style=\"color:#3c4858;font-size:18px\">Fabricaci\u00f3n de Pelucas<\/h5>\n\n\n\n<p class=\"has-text-align-center has-text-color\" style=\"color:#999999;font-size:14px\">Fabricamos pelucas y semi-pelucas personalizadas en cabello 100% natural con materiales duraderos, c\u00f3modos en manufactura de alta calidad. Aprovechamos su cabello natural para la manufactura de su producto.<\/p>\n<\/div>\n\n\n\n<div class=\"wp-block-column is-layout-flow wp-block-column-is-layout-flow\">\n<div class=\"wp-block-image is-style-rounded\"><figure class=\"aligncenter size-full\"><img loading=\"lazy\" decoding=\"async\" width=\"200\" height=\"159\" src=\"https:\/\/hollywoodpelucas.com\/wp-content\/uploads\/2022\/03\/Servicofabricacionpostizos.jpg\" alt=\"\" class=\"wp-image-410\"\/><\/figure><\/div>\n\n\n\n<h5 class=\"has-text-align-center has-text-color wp-block-heading\" style=\"color:#3c4858;font-size:18px\">Fabricaci\u00f3n de Postizos<\/h5>\n\n\n\n<p class=\"has-text-align-center has-text-color\" style=\"color:#999999;font-size:14px\">Fabricamos toda clase de postizos (coletas, topers, capules, trenzas, extensiones) en cabello 100% natural o sint\u00e9tico seg\u00fan su necesidad con materiales duraderos, c\u00f3modos en manufactura de alta calidad. Aprovechamos su cabello natural para la manufactura de su producto.<\/p>\n<\/div>\n<\/div>\n\n\n\n<div class=\"wp-block-columns is-layout-flex wp-container-core-columns-is-layout-28f84493 wp-block-columns-is-layout-flex\">\n<div class=\"wp-block-column is-layout-flow wp-block-column-is-layout-flow\">\n<div class=\"wp-block-image is-style-rounded\"><figure class=\"aligncenter size-full\"><img loading=\"lazy\" decoding=\"async\" width=\"200\" height=\"159\" src=\"https:\/\/hollywoodpelucas.com\/wp-content\/uploads\/2022\/03\/Mantenimiento.jpg\" alt=\"\" class=\"wp-image-417\"\/><\/figure><\/div>\n\n\n\n<h5 class=\"has-text-align-center has-text-color wp-block-heading\" style=\"color:#3c4858;font-size:18px\">Mantenimiento<\/h5>\n\n\n\n<p class=\"has-text-align-center has-text-color\" style=\"color:#999999;font-size:14px\">Realizamos lavado, tratamiento, cepillado y ajustes generales de su peluca o postizo.r m\u00e1s tiempo.<\/p>\n<\/div>\n\n\n\n<div class=\"wp-block-column is-vertically-aligned-center is-layout-flow wp-block-column-is-layout-flow\">\n<div class=\"wp-block-image is-style-rounded\"><figure class=\"aligncenter size-full\"><img loading=\"lazy\" decoding=\"async\" width=\"200\" height=\"159\" src=\"https:\/\/hollywoodpelucas.com\/wp-content\/uploads\/2022\/03\/Serviciofabricacionpelucas.jpg\" alt=\"\" class=\"wp-image-407\"\/><\/figure><\/div>\n\n\n\n<h5 class=\"has-text-align-center has-text-color wp-block-heading\" style=\"color:#3c4858;font-size:18px\">Instalaci\u00f3n de Pelucas y Extensiones<\/h5>\n\n\n\n<p class=\"has-text-align-center has-text-color\" style=\"color:#999999;font-size:14px\">Instalamos su extensi\u00f3n, peluca o postizo de acuerdo a su necesidad.<\/p>\n<\/div>\n\n\n\n<div class=\"wp-block-column is-layout-flow wp-block-column-is-layout-flow\">\n<div class=\"wp-block-image is-style-rounded\"><figure class=\"aligncenter size-full is-resized\"><img loading=\"lazy\" decoding=\"async\" src=\"https:\/\/hollywoodpelucas.com\/wp-content\/uploads\/2022\/03\/IMG-20210316-WA0045.jpg\" alt=\"\" class=\"wp-image-418\" width=\"184\" height=\"184\" srcset=\"https:\/\/hollywoodpelucas.com\/wp-content\/uploads\/2022\/03\/IMG-20210316-WA0045.jpg 750w, https:\/\/hollywoodpelucas.com\/wp-content\/uploads\/2022\/03\/IMG-20210316-WA0045-300x300.jpg 300w, https:\/\/hollywoodpelucas.com\/wp-content\/uploads\/2022\/03\/IMG-20210316-WA0045-150x150.jpg 150w, https:\/\/hollywoodpelucas.com\/wp-content\/uploads\/2022\/03\/IMG-20210316-WA0045-600x600.jpg 600w, https:\/\/hollywoodpelucas.com\/wp-content\/uploads\/2022\/03\/IMG-20210316-WA0045-160x160.jpg 160w\" sizes=\"auto, (max-width: 184px) 100vw, 184px\" \/><\/figure><\/div>\n\n\n\n<h5 class=\"has-text-align-center has-text-color wp-block-heading\" style=\"color:#3c4858;font-size:18px\">Asesor\u00eda<\/h5>\n\n\n\n<p class=\"has-text-align-center has-text-color\" style=\"color:#999999;font-size:14px\">Nuestro compromiso es brindar productos que cubran su necesidad, por eso le aclaramos sus dudas y lo orientamos en la elecci\u00f3n de su producto.<\/p>\n<\/div>\n<\/div>\n<\/div><\/div>\n","protected":false},"excerpt":{"rendered":"","protected":false},"author":1,"featured_media":0,"parent":0,"menu_order":0,"comment_status":"closed","ping_status":"closed","template":"","meta":{"om_disable_all_campaigns":false,"_monsterinsights_skip_tracking":false,"_monsterinsights_sitenote_active":false,"_monsterinsights_sitenote_note":"","_monsterinsights_sitenote_category":0,"footnotes":""},"class_list":["post-17","page","type-page","status-publish","hentry"],"aioseo_notices":[],"_links":{"self":[{"href":"https:\/\/hollywoodpelucas.com\/index.php?rest_route=\/wp\/v2\/pages\/17","targetHints":{"allow":["GET"]}}],"collection":[{"href":"https:\/\/hollywoodpelucas.com\/index.php?rest_route=\/wp\/v2\/pages"}],"about":[{"href":"https:\/\/hollywoodpelucas.com\/index.php?rest_route=\/wp\/v2\/types\/page"}],"author":[{"embeddable":true,"href":"https:\/\/hollywoodpelucas.com\/index.php?rest_route=\/wp\/v2\/users\/1"}],"replies":[{"embeddable":true,"href":"https:\/\/hollywoodpelucas.com\/index.php?rest_route=%2Fwp%2Fv2%2Fcomments&post=17"}],"version-history":[{"count":34,"href":"https:\/\/hollywoodpelucas.com\/index.php?rest_route=\/wp\/v2\/pages\/17\/revisions"}],"predecessor-version":[{"id":605,"href":"https:\/\/hollywoodpelucas.com\/index.php?rest_route=\/wp\/v2\/pages\/17\/revisions\/605"}],"wp:attachment":[{"href":"https:\/\/hollywoodpelucas.com\/index.php?rest_route=%2Fwp%2Fv2%2Fmedia&parent=17"}],"curies":[{"name":"wp","href":"https:\/\/api.w.org\/{rel}","templated":true}]}}