{"id":305,"date":"2022-03-14T18:10:48","date_gmt":"2022-03-14T23:10:48","guid":{"rendered":"http:\/\/localhost\/wordpress\/?post_type=product&#038;p=305"},"modified":"2022-03-14T18:10:48","modified_gmt":"2022-03-14T23:10:48","slug":"extension-natural-28-pulgadas-lisa","status":"publish","type":"product","link":"https:\/\/hollywoodpelucas.com\/?product=extension-natural-28-pulgadas-lisa","title":{"rendered":"Extensi\u00f3n natural 28 pulgadas lisa."},"content":{"rendered":"<p>Extensi\u00f3n 100% natural 2 metros 17 cent\u00edmetros de 28 pulgadas, lisa, casta\u00f1o oscuro, sin tinte.<\/p>\n","protected":false},"excerpt":{"rendered":"<p>Extensi\u00f3n 100% natural 2 metros 17 cent\u00edmetros de 28 pulgadas, lisa, casta\u00f1o oscuro, sin tinte.<\/p>\n","protected":false},"featured_media":307,"comment_status":"open","ping_status":"closed","template":"","meta":{"om_disable_all_campaigns":false,"_monsterinsights_skip_tracking":false,"_monsterinsights_sitenote_active":false,"_monsterinsights_sitenote_note":"","_monsterinsights_sitenote_category":0},"product_brand":[],"product_cat":[26],"product_tag":[],"class_list":{"0":"post-305","1":"product","2":"type-product","3":"status-publish","4":"has-post-thumbnail","6":"product_cat-extensiones-naturales","8":"first","9":"instock","10":"shipping-taxable","11":"product-type-simple"},"aioseo_notices":[],"_links":{"self":[{"href":"https:\/\/hollywoodpelucas.com\/index.php?rest_route=\/wp\/v2\/product\/305","targetHints":{"allow":["GET"]}}],"collection":[{"href":"https:\/\/hollywoodpelucas.com\/index.php?rest_route=\/wp\/v2\/product"}],"about":[{"href":"https:\/\/hollywoodpelucas.com\/index.php?rest_route=\/wp\/v2\/types\/product"}],"replies":[{"embeddable":true,"href":"https:\/\/hollywoodpelucas.com\/index.php?rest_route=%2Fwp%2Fv2%2Fcomments&post=305"}],"wp:featuredmedia":[{"embeddable":true,"href":"https:\/\/hollywoodpelucas.com\/index.php?rest_route=\/wp\/v2\/media\/307"}],"wp:attachment":[{"href":"https:\/\/hollywoodpelucas.com\/index.php?rest_route=%2Fwp%2Fv2%2Fmedia&parent=305"}],"wp:term":[{"taxonomy":"product_brand","embeddable":true,"href":"https:\/\/hollywoodpelucas.com\/index.php?rest_route=%2Fwp%2Fv2%2Fproduct_brand&post=305"},{"taxonomy":"product_cat","embeddable":true,"href":"https:\/\/hollywoodpelucas.com\/index.php?rest_route=%2Fwp%2Fv2%2Fproduct_cat&post=305"},{"taxonomy":"product_tag","embeddable":true,"href":"https:\/\/hollywoodpelucas.com\/index.php?rest_route=%2Fwp%2Fv2%2Fproduct_tag&post=305"}],"curies":[{"name":"wp","href":"https:\/\/api.w.org\/{rel}","templated":true}]}}