{"id":765,"date":"2023-05-31T13:04:45","date_gmt":"2023-05-31T18:04:45","guid":{"rendered":"https:\/\/hollywoodpelucas.com\/?post_type=product&#038;p=765"},"modified":"2023-05-31T13:24:01","modified_gmt":"2023-05-31T18:24:01","slug":"peluca-natural-c2","status":"publish","type":"product","link":"https:\/\/hollywoodpelucas.com\/?product=peluca-natural-c2","title":{"rendered":"Peluca Natural C2"},"content":{"rendered":"<p>Peluca Natural, ondulada, base casta\u00f1a, terminaci\u00f3n b\u00e1sica.<\/p>\n","protected":false},"excerpt":{"rendered":"<p>Peluca Natural, ondulada, base casta\u00f1a, terminaci\u00f3n b\u00e1sica.<\/p>\n","protected":false},"featured_media":763,"comment_status":"open","ping_status":"closed","template":"","meta":{"om_disable_all_campaigns":false,"_monsterinsights_skip_tracking":false,"_monsterinsights_sitenote_active":false,"_monsterinsights_sitenote_note":"","_monsterinsights_sitenote_category":0},"product_brand":[],"product_cat":[18],"product_tag":[],"class_list":{"0":"post-765","1":"product","2":"type-product","3":"status-publish","4":"has-post-thumbnail","6":"product_cat-cabello-natural","8":"first","9":"instock","10":"shipping-taxable","11":"product-type-simple"},"aioseo_notices":[],"_links":{"self":[{"href":"https:\/\/hollywoodpelucas.com\/index.php?rest_route=\/wp\/v2\/product\/765","targetHints":{"allow":["GET"]}}],"collection":[{"href":"https:\/\/hollywoodpelucas.com\/index.php?rest_route=\/wp\/v2\/product"}],"about":[{"href":"https:\/\/hollywoodpelucas.com\/index.php?rest_route=\/wp\/v2\/types\/product"}],"replies":[{"embeddable":true,"href":"https:\/\/hollywoodpelucas.com\/index.php?rest_route=%2Fwp%2Fv2%2Fcomments&post=765"}],"wp:featuredmedia":[{"embeddable":true,"href":"https:\/\/hollywoodpelucas.com\/index.php?rest_route=\/wp\/v2\/media\/763"}],"wp:attachment":[{"href":"https:\/\/hollywoodpelucas.com\/index.php?rest_route=%2Fwp%2Fv2%2Fmedia&parent=765"}],"wp:term":[{"taxonomy":"product_brand","embeddable":true,"href":"https:\/\/hollywoodpelucas.com\/index.php?rest_route=%2Fwp%2Fv2%2Fproduct_brand&post=765"},{"taxonomy":"product_cat","embeddable":true,"href":"https:\/\/hollywoodpelucas.com\/index.php?rest_route=%2Fwp%2Fv2%2Fproduct_cat&post=765"},{"taxonomy":"product_tag","embeddable":true,"href":"https:\/\/hollywoodpelucas.com\/index.php?rest_route=%2Fwp%2Fv2%2Fproduct_tag&post=765"}],"curies":[{"name":"wp","href":"https:\/\/api.w.org\/{rel}","templated":true}]}}