{"id":778,"date":"2023-05-31T13:45:09","date_gmt":"2023-05-31T18:45:09","guid":{"rendered":"https:\/\/hollywoodpelucas.com\/?post_type=product&#038;p=778"},"modified":"2023-05-31T13:45:09","modified_gmt":"2023-05-31T18:45:09","slug":"peluca-natural-cl2","status":"publish","type":"product","link":"https:\/\/hollywoodpelucas.com\/?product=peluca-natural-cl2","title":{"rendered":"Peluca Natural CL2"},"content":{"rendered":"<p>Peluca natural corta. lisa, casta\u00f1a oscura, terminaci\u00f3n b\u00e1sica.<\/p>\n","protected":false},"excerpt":{"rendered":"<p>Peluca natural corta. lisa, casta\u00f1a oscura, terminaci\u00f3n b\u00e1sica.<\/p>\n","protected":false},"featured_media":747,"comment_status":"open","ping_status":"closed","template":"","meta":{"om_disable_all_campaigns":false,"_monsterinsights_skip_tracking":false,"_monsterinsights_sitenote_active":false,"_monsterinsights_sitenote_note":"","_monsterinsights_sitenote_category":0},"product_brand":[],"product_cat":[18],"product_tag":[],"class_list":{"0":"post-778","1":"product","2":"type-product","3":"status-publish","4":"has-post-thumbnail","6":"product_cat-cabello-natural","8":"first","9":"instock","10":"shipping-taxable","11":"product-type-simple"},"aioseo_notices":[],"_links":{"self":[{"href":"https:\/\/hollywoodpelucas.com\/index.php?rest_route=\/wp\/v2\/product\/778","targetHints":{"allow":["GET"]}}],"collection":[{"href":"https:\/\/hollywoodpelucas.com\/index.php?rest_route=\/wp\/v2\/product"}],"about":[{"href":"https:\/\/hollywoodpelucas.com\/index.php?rest_route=\/wp\/v2\/types\/product"}],"replies":[{"embeddable":true,"href":"https:\/\/hollywoodpelucas.com\/index.php?rest_route=%2Fwp%2Fv2%2Fcomments&post=778"}],"wp:featuredmedia":[{"embeddable":true,"href":"https:\/\/hollywoodpelucas.com\/index.php?rest_route=\/wp\/v2\/media\/747"}],"wp:attachment":[{"href":"https:\/\/hollywoodpelucas.com\/index.php?rest_route=%2Fwp%2Fv2%2Fmedia&parent=778"}],"wp:term":[{"taxonomy":"product_brand","embeddable":true,"href":"https:\/\/hollywoodpelucas.com\/index.php?rest_route=%2Fwp%2Fv2%2Fproduct_brand&post=778"},{"taxonomy":"product_cat","embeddable":true,"href":"https:\/\/hollywoodpelucas.com\/index.php?rest_route=%2Fwp%2Fv2%2Fproduct_cat&post=778"},{"taxonomy":"product_tag","embeddable":true,"href":"https:\/\/hollywoodpelucas.com\/index.php?rest_route=%2Fwp%2Fv2%2Fproduct_tag&post=778"}],"curies":[{"name":"wp","href":"https:\/\/api.w.org\/{rel}","templated":true}]}}