{"id":781,"date":"2023-05-31T13:50:29","date_gmt":"2023-05-31T18:50:29","guid":{"rendered":"https:\/\/hollywoodpelucas.com\/?post_type=product&#038;p=781"},"modified":"2023-05-31T13:50:29","modified_gmt":"2023-05-31T18:50:29","slug":"peluca-natural-cc61","status":"publish","type":"product","link":"https:\/\/hollywoodpelucas.com\/?product=peluca-natural-cc61","title":{"rendered":"Peluca Natural CC61"},"content":{"rendered":"<p>Peluca natural corta, crespa, casta\u00f1a oscura, canosa terminaci\u00f3n b\u00e1sica.<\/p>\n","protected":false},"excerpt":{"rendered":"<p>Peluca natural corta, crespa, casta\u00f1a oscura, canosa terminaci\u00f3n b\u00e1sica.<\/p>\n","protected":false},"featured_media":744,"comment_status":"open","ping_status":"closed","template":"","meta":{"om_disable_all_campaigns":false,"_monsterinsights_skip_tracking":false,"_monsterinsights_sitenote_active":false,"_monsterinsights_sitenote_note":"","_monsterinsights_sitenote_category":0},"product_brand":[],"product_cat":[18],"product_tag":[],"class_list":{"0":"post-781","1":"product","2":"type-product","3":"status-publish","4":"has-post-thumbnail","6":"product_cat-cabello-natural","8":"first","9":"instock","10":"shipping-taxable","11":"product-type-simple"},"aioseo_notices":[],"_links":{"self":[{"href":"https:\/\/hollywoodpelucas.com\/index.php?rest_route=\/wp\/v2\/product\/781","targetHints":{"allow":["GET"]}}],"collection":[{"href":"https:\/\/hollywoodpelucas.com\/index.php?rest_route=\/wp\/v2\/product"}],"about":[{"href":"https:\/\/hollywoodpelucas.com\/index.php?rest_route=\/wp\/v2\/types\/product"}],"replies":[{"embeddable":true,"href":"https:\/\/hollywoodpelucas.com\/index.php?rest_route=%2Fwp%2Fv2%2Fcomments&post=781"}],"wp:featuredmedia":[{"embeddable":true,"href":"https:\/\/hollywoodpelucas.com\/index.php?rest_route=\/wp\/v2\/media\/744"}],"wp:attachment":[{"href":"https:\/\/hollywoodpelucas.com\/index.php?rest_route=%2Fwp%2Fv2%2Fmedia&parent=781"}],"wp:term":[{"taxonomy":"product_brand","embeddable":true,"href":"https:\/\/hollywoodpelucas.com\/index.php?rest_route=%2Fwp%2Fv2%2Fproduct_brand&post=781"},{"taxonomy":"product_cat","embeddable":true,"href":"https:\/\/hollywoodpelucas.com\/index.php?rest_route=%2Fwp%2Fv2%2Fproduct_cat&post=781"},{"taxonomy":"product_tag","embeddable":true,"href":"https:\/\/hollywoodpelucas.com\/index.php?rest_route=%2Fwp%2Fv2%2Fproduct_tag&post=781"}],"curies":[{"name":"wp","href":"https:\/\/api.w.org\/{rel}","templated":true}]}}